{"id":1840,"date":"2021-04-29T09:05:41","date_gmt":"2021-04-29T09:05:41","guid":{"rendered":"https:\/\/sorbizzi.com\/covid-policy\/"},"modified":"2021-04-29T09:05:41","modified_gmt":"2021-04-29T09:05:41","slug":"covid-policy","status":"publish","type":"page","link":"https:\/\/sorbizzi.com\/de\/covid-policy\/","title":{"rendered":"Covid Policy"},"content":{"rendered":"\t\t<div data-elementor-type=\"wp-page\" data-elementor-id=\"1840\" class=\"elementor elementor-1840 elementor-960\" data-elementor-post-type=\"page\">\n\t\t\t\t\t\t<section class=\"elementor-section elementor-top-section elementor-element elementor-element-d72c8ac elementor-section-height-min-height elementor-section-items-top elementor-section-boxed elementor-section-height-default\" data-id=\"d72c8ac\" data-element_type=\"section\" data-settings=\"{&quot;background_background&quot;:&quot;slideshow&quot;,&quot;background_slideshow_gallery&quot;:[{&quot;id&quot;:25,&quot;url&quot;:&quot;https:\\\/\\\/sorbizzi.com\\\/wp-content\\\/uploads\\\/2021\\\/01\\\/Villaggio-Toscana-Mare-Piscine.jpg&quot;}],&quot;background_slideshow_slide_duration&quot;:4000,&quot;background_slideshow_ken_burns&quot;:&quot;yes&quot;,&quot;background_slideshow_loop&quot;:&quot;yes&quot;,&quot;background_slideshow_slide_transition&quot;:&quot;fade&quot;,&quot;background_slideshow_transition_duration&quot;:500,&quot;background_slideshow_ken_burns_zoom_direction&quot;:&quot;in&quot;}\">\n\t\t\t\t\t\t<div class=\"elementor-container elementor-column-gap-default\">\n\t\t\t\t\t<div class=\"elementor-column elementor-col-100 elementor-top-column elementor-element elementor-element-7eea0b8\" data-id=\"7eea0b8\" data-element_type=\"column\">\n\t\t\t<div class=\"elementor-widget-wrap elementor-element-populated\">\n\t\t\t\t\t\t<div class=\"elementor-element elementor-element-e04f4ba elementor-widget elementor-widget-image\" data-id=\"e04f4ba\" data-element_type=\"widget\" data-widget_type=\"image.default\">\n\t\t\t\t<div class=\"elementor-widget-container\">\n\t\t\t\t\t\t\t\t\t\t\t\t\t\t\t<img fetchpriority=\"high\" decoding=\"async\" width=\"512\" height=\"512\" src=\"https:\/\/sorbizzi.com\/wp-content\/uploads\/2021\/01\/Logo_02.png\" class=\"attachment-full size-full wp-image-1439\" alt=\"Sorbizzi\" srcset=\"https:\/\/sorbizzi.com\/wp-content\/uploads\/2021\/01\/Logo_02.png 512w, https:\/\/sorbizzi.com\/wp-content\/uploads\/2021\/01\/Logo_02-300x300.png 300w, https:\/\/sorbizzi.com\/wp-content\/uploads\/2021\/01\/Logo_02-150x150.png 150w\" sizes=\"(max-width: 512px) 100vw, 512px\" \/>\t\t\t\t\t\t\t\t\t\t\t\t\t\t\t<\/div>\n\t\t\t\t<\/div>\n\t\t\t\t<div class=\"elementor-element elementor-element-d3e7c23 elementor-widget elementor-widget-heading\" data-id=\"d3e7c23\" data-element_type=\"widget\" data-widget_type=\"heading.default\">\n\t\t\t\t<div class=\"elementor-widget-container\">\n\t\t\t\t\t<h2 class=\"elementor-heading-title elementor-size-default\">Villaggio i Sorbizzi<\/h2>\t\t\t\t<\/div>\n\t\t\t\t<\/div>\n\t\t\t\t\t<\/div>\n\t\t<\/div>\n\t\t\t\t\t<\/div>\n\t\t<\/section>\n\t\t\t\t<section class=\"elementor-section elementor-top-section elementor-element elementor-element-7053651 elementor-section-boxed elementor-section-height-default elementor-section-height-default\" data-id=\"7053651\" data-element_type=\"section\">\n\t\t\t\t\t\t<div class=\"elementor-container elementor-column-gap-default\">\n\t\t\t\t\t<div class=\"elementor-column elementor-col-100 elementor-top-column elementor-element elementor-element-1594d32\" data-id=\"1594d32\" data-element_type=\"column\">\n\t\t\t<div class=\"elementor-widget-wrap elementor-element-populated\">\n\t\t\t\t\t\t<div class=\"elementor-element elementor-element-5383916 elementor-widget elementor-widget-template\" data-id=\"5383916\" data-element_type=\"widget\" data-widget_type=\"template.default\">\n\t\t\t\t<div class=\"elementor-widget-container\">\n\t\t\t\t\t\t\t<div class=\"elementor-template\">\n\t\t\t\t\t<div data-elementor-type=\"section\" data-elementor-id=\"1385\" class=\"elementor elementor-1385 elementor-32\" data-elementor-post-type=\"elementor_library\">\n\t\t\t\t\t<section class=\"elementor-section elementor-top-section elementor-element elementor-element-1bb618c7 elementor-section-boxed elementor-section-height-default elementor-section-height-default\" data-id=\"1bb618c7\" data-element_type=\"section\" data-settings=\"{&quot;background_background&quot;:&quot;classic&quot;,&quot;animation&quot;:&quot;none&quot;}\">\n\t\t\t\t\t\t<div class=\"elementor-container elementor-column-gap-no\">\n\t\t\t\t\t<div class=\"elementor-column elementor-col-100 elementor-top-column elementor-element elementor-element-7e1ffe65\" data-id=\"7e1ffe65\" data-element_type=\"column\">\n\t\t\t<div class=\"elementor-widget-wrap elementor-element-populated\">\n\t\t\t\t\t\t<div class=\"elementor-element elementor-element-6df1c29a elementor-widget elementor-widget-html\" data-id=\"6df1c29a\" data-element_type=\"widget\" data-widget_type=\"html.default\">\n\t\t\t\t<div class=\"elementor-widget-container\">\n\t\t\t\t\t<script type=\"text\/javascript\">\r\n(function (i, s, o, g, r, a, m) {\r\n    i['SBSyncroBoxParam'] = r; i[r] = i[r] || function () {\r\n        (i[r].q = i[r].q || []).push(arguments)\r\n    }, i[r].l = 1 * new Date(); a = s.createElement(o),\r\n    m = s.getElementsByTagName(o)[0]; a.async = 1; a.src = g; m.parentNode.insertBefore(a, m)\r\n})(window, document, 'script', 'https:\/\/cdn.simplebooking.it\/search-box-script.axd?IDA=3555','SBSyncroBox');\r\n\r\nSBSyncroBox({\r\n    CodLang: 'DE',\r\n\tStyles: {\r\n\tFontFamily: '\"Questrial\", sans-serif',\r\n\tTheme: 'light-pink',\r\n\tCustomColor: \"#000000\",   \/\/primary color ex. #CDEFDD\r\n\tCustomBGColor: \"transparent\",   \/\/background color\r\n\tCustomLabelColor: \"#000000\",   \/\/labels color\r\n\tCustomLabelHoverColor:\"#ac0731\",\r\n\tCustomWidgetColor: \"#5e4b3d\",   \/\/popovers text color\r\n\tCustomButtonColor: \"#ffffff\",\r\n\tCustomButtonBGColor:\"#beac82\",\r\n\tCustomButtonHoverBGColor:\"#b09c6d\",\r\n\tCustomIconColor:\"#beac82\",\r\n\tCustomLinkColor:\"#0c2340\",\r\n\tCustomBoxShadowColor: \"#ffffff\",\r\n\tCustomBoxShadowColorFocus:\"#5e4b3d\",\r\n\tCustomAddRoomBoxShadowColor:\"#ffffff\",\r\n\tCustomIntentSelectionColor:\"#beac82\",\r\n\tCustomIntentSelectionDaysBGColor:\"#beac82\",\r\n\tCustomSelectedDaysColor:\"#000000\",\r\n\tCustomAccentColor:\"#beac82\",\r\n\tCustomAccentColorHover:\"#beac82\",\r\n    },\r\n});\r\n<\/script>\t\t\t\t<\/div>\n\t\t\t\t<\/div>\n\t\t\t\t<div class=\"elementor-element elementor-element-6e7af898 elementor-widget elementor-widget-html\" data-id=\"6e7af898\" data-element_type=\"widget\" data-widget_type=\"html.default\">\n\t\t\t\t<div class=\"elementor-widget-container\">\n\t\t\t\t\t<div id=\"sb-container\">Loading Booking<\/div> \t\t\t\t<\/div>\n\t\t\t\t<\/div>\n\t\t\t\t\t<\/div>\n\t\t<\/div>\n\t\t\t\t\t<\/div>\n\t\t<\/section>\n\t\t\t\t<\/div>\n\t\t\t\t<\/div>\n\t\t\t\t\t\t<\/div>\n\t\t\t\t<\/div>\n\t\t\t\t\t<\/div>\n\t\t<\/div>\n\t\t\t\t\t<\/div>\n\t\t<\/section>\n\t\t\t\t<section class=\"elementor-section elementor-top-section elementor-element elementor-element-6b886df elementor-section-boxed elementor-section-height-default elementor-section-height-default\" data-id=\"6b886df\" data-element_type=\"section\">\n\t\t\t\t\t\t<div class=\"elementor-container elementor-column-gap-default\">\n\t\t\t\t\t<div class=\"elementor-column elementor-col-100 elementor-top-column elementor-element elementor-element-1a97b0d\" data-id=\"1a97b0d\" data-element_type=\"column\">\n\t\t\t<div class=\"elementor-widget-wrap elementor-element-populated\">\n\t\t\t\t\t\t<div class=\"elementor-element elementor-element-ec3f27a elementor-widget elementor-widget-text-editor\" data-id=\"ec3f27a\" data-element_type=\"widget\" data-widget_type=\"text-editor.default\">\n\t\t\t\t<div class=\"elementor-widget-container\">\n\t\t\t\t\t\t\t\t\t<h2>COVID POLICY<\/h2>\n<p>Hier im Villaggio I Sorbizzi freuen wir uns darauf, Sie begr\u00fc\u00dfen zu d\u00fcrfen und endlich Tage wiederentdeckter Gelassenheit mit Ihnen zu verbringen.<\/p>\n<p>Wir begegnen der aktuellen Situation mit gro\u00dfer Verantwortung darum haben wir, basierend auf den aktuellen wissenschaftlichen Erkenntnissen und den geltenden Gesetzen, die besten Vorsichtsma\u00dfnahmen getroffen.<\/p>\n<h3>DIE ANLAGE UND IHRE SICHERHEITSVORKEHRUNGEN<\/h3>\n<ul>\n<li>Das Villaggio I Sorbizzi ist wie eine Insel, mit einem einzigen Haupteingang und 4 ha Park. Alle Serviceleistungen sind unter freiem Himmel und ausschlie\u00dflich f\u00fcr unserer G\u00e4ste zug\u00e4nglich (mit Ausnahme des Privatstrandes, der maximal 50 Pl\u00e4tze f\u00fcr externe G\u00e4ste zur Verf\u00fcgung stellt).\u00a0Alle Unterk\u00fcnfte erf\u00fcllen die h\u00f6chsten Anforderungen der Privatsph\u00e4re mit privatem Zugang und Au\u00dfenbereiche der Wohneinheit. An unseren Bar\/Restaurantbereichen k\u00f6nnen Sie Fr\u00fchst\u00fcck \/ Mittag- und Abendessen auch zum Mitnehmen reservieren<\/li>\n<li>Obligatorische Maskenpflicht nur in wenigen geschlossenen R\u00e4umen wie z. B. die W\u00e4scherei<\/li>\n<li>Au\u00dferhalb der Familienmitglieder den Mindestabstand einhalten<\/li>\n<li>Messung der K\u00f6rpertemperatur bei Ihrer Ankunft<\/li>\n<\/ul>\n<p>&nbsp;<\/p>\n<h3>DESINFEKTION<\/h3>\n<ul>\n<li>Spender von Desinfektionsgel stehen den G\u00e4sten zur Verf\u00fcgung<\/li>\n<li>Der erforderliche Abstand wird am Strand und in den Schwimmb\u00e4dern garantiert, und auch die Desinfektion der Sonnenliegen und anderen Materialien. Daf\u00fcr werden \u00f6kologische Produkte mit geringer Auswirkung auf die Umwelt verwendet.<\/li>\n<li>Im Pool werden, wie gewohnt, t\u00e4glich die Wasserparameter und der Chlorgehalt \u00fcberpr\u00fcft, um eine kontinuierliche Desinfektion sicherzustellen.<\/li>\n<li>Die Unterk\u00fcnfte sowie Bettw\u00e4sche und Handt\u00fccher werden bei jedem Wechsel desinfiziert.<\/li>\n<\/ul>\n<p>&nbsp;<\/p>\n<h3>PERSONAL<\/h3>\n<p>F\u00fcr alle Mitarbeiter wurde ein Schulungsprogramm festgelegt, um alle Pr\u00e4ventions- und Schutzma\u00dfnahmen zu ihrer eigenen Sicherheit und zur Sicherheit der G\u00e4ste anzuwenden.<\/p>\n<h3>SPORT UND ANIMATION<\/h3>\n<ul>\n<li>Die meisten Sportarten werden im Freien ausge\u00fcbt, von unserem Fitnessstudio (das laufend desinfiziert wird) bis zu den Wassersportarten am Strand.<\/li>\n<li>Die Animation wird angeboten, indem Kinder und Jugendliche, aufgrund der gro\u00dfen Reichweite unserer Anlage, in Mikrogruppen eingeteilt werden, um alle vorgeschlagenen Aktivit\u00e4ten in bestm\u00f6glicher Sicherheit ausgef\u00fchrt werden k\u00f6nnen.<\/li>\n<li>Pools ohne Probleme: immer mit Aufmerksamkeit und Abstand. Es ist nicht erforderlich, die Eing\u00e4nge zu reservieren, da die Struktur im Verh\u00e4ltnis zur Anzahl der G\u00e4ste und zur st\u00e4ndigen Reinigung und Desinfektion \u00fcberdimensioniert ist.<\/li>\n<\/ul>\n\t\t\t\t\t\t\t\t<\/div>\n\t\t\t\t<\/div>\n\t\t\t\t\t<\/div>\n\t\t<\/div>\n\t\t\t\t\t<\/div>\n\t\t<\/section>\n\t\t\t\t<\/div>\n\t\t","protected":false},"excerpt":{"rendered":"<p>Villaggio i Sorbizzi COVID POLICY Hier im Villaggio I Sorbizzi freuen wir uns darauf, Sie begr\u00fc\u00dfen zu d\u00fcrfen und endlich Tage wiederentdeckter Gelassenheit mit Ihnen zu verbringen. Wir begegnen der aktuellen Situation mit gro\u00dfer Verantwortung darum haben wir, basierend auf den aktuellen wissenschaftlichen Erkenntnissen und den geltenden Gesetzen, die besten Vorsichtsma\u00dfnahmen getroffen. DIE ANLAGE UND [&hellip;]<\/p>\n","protected":false},"author":1,"featured_media":0,"parent":0,"menu_order":0,"comment_status":"closed","ping_status":"closed","template":"elementor_header_footer","meta":{"footnotes":""},"class_list":["post-1840","page","type-page","status-publish","hentry"],"yoast_head":"<!-- This site is optimized with the Yoast SEO plugin v24.8.1 - https:\/\/yoast.com\/wordpress\/plugins\/seo\/ -->\n<title>Covid Policy - I Sorbizzi, Villaggio in Toscana - Offerte e Sconti<\/title>\n<meta name=\"robots\" content=\"index, nofollow, max-snippet:-1, max-image-preview:large, max-video-preview:-1\" \/>\n<link rel=\"canonical\" href=\"https:\/\/sorbizzi.com\/de\/covid-policy\/\" \/>\n<meta property=\"og:locale\" content=\"de_DE\" \/>\n<meta property=\"og:type\" content=\"article\" \/>\n<meta property=\"og:title\" content=\"Covid Policy - I Sorbizzi, Villaggio in Toscana - Offerte e Sconti\" \/>\n<meta property=\"og:description\" content=\"Villaggio i Sorbizzi COVID POLICY Hier im Villaggio I Sorbizzi freuen wir uns darauf, Sie begr\u00fc\u00dfen zu d\u00fcrfen und endlich Tage wiederentdeckter Gelassenheit mit Ihnen zu verbringen. Wir begegnen der aktuellen Situation mit gro\u00dfer Verantwortung darum haben wir, basierend auf den aktuellen wissenschaftlichen Erkenntnissen und den geltenden Gesetzen, die besten Vorsichtsma\u00dfnahmen getroffen. DIE ANLAGE UND [&hellip;]\" \/>\n<meta property=\"og:url\" content=\"https:\/\/sorbizzi.com\/de\/covid-policy\/\" \/>\n<meta property=\"og:site_name\" content=\"I Sorbizzi, Villaggio in Toscana - Offerte e Sconti\" \/>\n<meta property=\"article:publisher\" content=\"https:\/\/www.facebook.com\/Villaggio-i-Sorbizzi-158177380901384\" \/>\n<meta property=\"og:image\" content=\"https:\/\/sorbizzi.com\/wp-content\/uploads\/2021\/01\/Logo_02.png\" \/>\n<meta name=\"twitter:card\" content=\"summary_large_image\" \/>\n<meta name=\"twitter:label1\" content=\"Gesch\u00e4tzte Lesezeit\" \/>\n\t<meta name=\"twitter:data1\" content=\"2\u00a0Minuten\" \/>\n<script type=\"application\/ld+json\" class=\"yoast-schema-graph\">{\"@context\":\"https:\/\/schema.org\",\"@graph\":[{\"@type\":\"WebPage\",\"@id\":\"https:\/\/sorbizzi.com\/de\/covid-policy\/\",\"url\":\"https:\/\/sorbizzi.com\/de\/covid-policy\/\",\"name\":\"Covid Policy - I Sorbizzi, Villaggio in Toscana - Offerte e Sconti\",\"isPartOf\":{\"@id\":\"https:\/\/sorbizzi.com\/de\/#website\"},\"primaryImageOfPage\":{\"@id\":\"https:\/\/sorbizzi.com\/de\/covid-policy\/#primaryimage\"},\"image\":{\"@id\":\"https:\/\/sorbizzi.com\/de\/covid-policy\/#primaryimage\"},\"thumbnailUrl\":\"https:\/\/sorbizzi.com\/wp-content\/uploads\/2021\/01\/Logo_02.png\",\"datePublished\":\"2021-04-29T09:05:41+00:00\",\"breadcrumb\":{\"@id\":\"https:\/\/sorbizzi.com\/de\/covid-policy\/#breadcrumb\"},\"inLanguage\":\"de\",\"potentialAction\":[{\"@type\":\"ReadAction\",\"target\":[\"https:\/\/sorbizzi.com\/de\/covid-policy\/\"]}]},{\"@type\":\"ImageObject\",\"inLanguage\":\"de\",\"@id\":\"https:\/\/sorbizzi.com\/de\/covid-policy\/#primaryimage\",\"url\":\"https:\/\/sorbizzi.com\/wp-content\/uploads\/2021\/01\/Logo_02.png\",\"contentUrl\":\"https:\/\/sorbizzi.com\/wp-content\/uploads\/2021\/01\/Logo_02.png\"},{\"@type\":\"BreadcrumbList\",\"@id\":\"https:\/\/sorbizzi.com\/de\/covid-policy\/#breadcrumb\",\"itemListElement\":[{\"@type\":\"ListItem\",\"position\":1,\"name\":\"Home\",\"item\":\"https:\/\/sorbizzi.com\/de\/\"},{\"@type\":\"ListItem\",\"position\":2,\"name\":\"Covid Policy\"}]},{\"@type\":\"WebSite\",\"@id\":\"https:\/\/sorbizzi.com\/de\/#website\",\"url\":\"https:\/\/sorbizzi.com\/de\/\",\"name\":\"I Sorbizzi, Villaggio in Toscana - Offerte e Sconti\",\"description\":\"Marina di Bibbona\",\"publisher\":{\"@id\":\"https:\/\/sorbizzi.com\/de\/#organization\"},\"potentialAction\":[{\"@type\":\"SearchAction\",\"target\":{\"@type\":\"EntryPoint\",\"urlTemplate\":\"https:\/\/sorbizzi.com\/de\/?s={search_term_string}\"},\"query-input\":{\"@type\":\"PropertyValueSpecification\",\"valueRequired\":true,\"valueName\":\"search_term_string\"}}],\"inLanguage\":\"de\"},{\"@type\":\"Organization\",\"@id\":\"https:\/\/sorbizzi.com\/de\/#organization\",\"name\":\"Residence Villaggio I Sorbizzi S.r.l.\",\"url\":\"https:\/\/sorbizzi.com\/de\/\",\"logo\":{\"@type\":\"ImageObject\",\"inLanguage\":\"de\",\"@id\":\"https:\/\/sorbizzi.com\/de\/#\/schema\/logo\/image\/\",\"url\":\"https:\/\/sorbizzi.com\/wp-content\/uploads\/2021\/01\/logo_01.png\",\"contentUrl\":\"https:\/\/sorbizzi.com\/wp-content\/uploads\/2021\/01\/logo_01.png\",\"width\":564,\"height\":276,\"caption\":\"Residence Villaggio I Sorbizzi S.r.l.\"},\"image\":{\"@id\":\"https:\/\/sorbizzi.com\/de\/#\/schema\/logo\/image\/\"},\"sameAs\":[\"https:\/\/www.facebook.com\/Villaggio-i-Sorbizzi-158177380901384\",\"https:\/\/www.instagram.com\/sorbizzi\/\"]}]}<\/script>\n<!-- \/ Yoast SEO plugin. -->","yoast_head_json":{"title":"Covid Policy - I Sorbizzi, Villaggio in Toscana - Offerte e Sconti","robots":{"index":"index","follow":"nofollow","max-snippet":"max-snippet:-1","max-image-preview":"max-image-preview:large","max-video-preview":"max-video-preview:-1"},"canonical":"https:\/\/sorbizzi.com\/de\/covid-policy\/","og_locale":"de_DE","og_type":"article","og_title":"Covid Policy - I Sorbizzi, Villaggio in Toscana - Offerte e Sconti","og_description":"Villaggio i Sorbizzi COVID POLICY Hier im Villaggio I Sorbizzi freuen wir uns darauf, Sie begr\u00fc\u00dfen zu d\u00fcrfen und endlich Tage wiederentdeckter Gelassenheit mit Ihnen zu verbringen. Wir begegnen der aktuellen Situation mit gro\u00dfer Verantwortung darum haben wir, basierend auf den aktuellen wissenschaftlichen Erkenntnissen und den geltenden Gesetzen, die besten Vorsichtsma\u00dfnahmen getroffen. DIE ANLAGE UND [&hellip;]","og_url":"https:\/\/sorbizzi.com\/de\/covid-policy\/","og_site_name":"I Sorbizzi, Villaggio in Toscana - Offerte e Sconti","article_publisher":"https:\/\/www.facebook.com\/Villaggio-i-Sorbizzi-158177380901384","og_image":[{"url":"https:\/\/sorbizzi.com\/wp-content\/uploads\/2021\/01\/Logo_02.png","type":"","width":"","height":""}],"twitter_card":"summary_large_image","twitter_misc":{"Gesch\u00e4tzte Lesezeit":"2\u00a0Minuten"},"schema":{"@context":"https:\/\/schema.org","@graph":[{"@type":"WebPage","@id":"https:\/\/sorbizzi.com\/de\/covid-policy\/","url":"https:\/\/sorbizzi.com\/de\/covid-policy\/","name":"Covid Policy - I Sorbizzi, Villaggio in Toscana - Offerte e Sconti","isPartOf":{"@id":"https:\/\/sorbizzi.com\/de\/#website"},"primaryImageOfPage":{"@id":"https:\/\/sorbizzi.com\/de\/covid-policy\/#primaryimage"},"image":{"@id":"https:\/\/sorbizzi.com\/de\/covid-policy\/#primaryimage"},"thumbnailUrl":"https:\/\/sorbizzi.com\/wp-content\/uploads\/2021\/01\/Logo_02.png","datePublished":"2021-04-29T09:05:41+00:00","breadcrumb":{"@id":"https:\/\/sorbizzi.com\/de\/covid-policy\/#breadcrumb"},"inLanguage":"de","potentialAction":[{"@type":"ReadAction","target":["https:\/\/sorbizzi.com\/de\/covid-policy\/"]}]},{"@type":"ImageObject","inLanguage":"de","@id":"https:\/\/sorbizzi.com\/de\/covid-policy\/#primaryimage","url":"https:\/\/sorbizzi.com\/wp-content\/uploads\/2021\/01\/Logo_02.png","contentUrl":"https:\/\/sorbizzi.com\/wp-content\/uploads\/2021\/01\/Logo_02.png"},{"@type":"BreadcrumbList","@id":"https:\/\/sorbizzi.com\/de\/covid-policy\/#breadcrumb","itemListElement":[{"@type":"ListItem","position":1,"name":"Home","item":"https:\/\/sorbizzi.com\/de\/"},{"@type":"ListItem","position":2,"name":"Covid Policy"}]},{"@type":"WebSite","@id":"https:\/\/sorbizzi.com\/de\/#website","url":"https:\/\/sorbizzi.com\/de\/","name":"I Sorbizzi, Villaggio in Toscana - Offerte e Sconti","description":"Marina di Bibbona","publisher":{"@id":"https:\/\/sorbizzi.com\/de\/#organization"},"potentialAction":[{"@type":"SearchAction","target":{"@type":"EntryPoint","urlTemplate":"https:\/\/sorbizzi.com\/de\/?s={search_term_string}"},"query-input":{"@type":"PropertyValueSpecification","valueRequired":true,"valueName":"search_term_string"}}],"inLanguage":"de"},{"@type":"Organization","@id":"https:\/\/sorbizzi.com\/de\/#organization","name":"Residence Villaggio I Sorbizzi S.r.l.","url":"https:\/\/sorbizzi.com\/de\/","logo":{"@type":"ImageObject","inLanguage":"de","@id":"https:\/\/sorbizzi.com\/de\/#\/schema\/logo\/image\/","url":"https:\/\/sorbizzi.com\/wp-content\/uploads\/2021\/01\/logo_01.png","contentUrl":"https:\/\/sorbizzi.com\/wp-content\/uploads\/2021\/01\/logo_01.png","width":564,"height":276,"caption":"Residence Villaggio I Sorbizzi S.r.l."},"image":{"@id":"https:\/\/sorbizzi.com\/de\/#\/schema\/logo\/image\/"},"sameAs":["https:\/\/www.facebook.com\/Villaggio-i-Sorbizzi-158177380901384","https:\/\/www.instagram.com\/sorbizzi\/"]}]}},"_links":{"self":[{"href":"https:\/\/sorbizzi.com\/de\/wp-json\/wp\/v2\/pages\/1840","targetHints":{"allow":["GET"]}}],"collection":[{"href":"https:\/\/sorbizzi.com\/de\/wp-json\/wp\/v2\/pages"}],"about":[{"href":"https:\/\/sorbizzi.com\/de\/wp-json\/wp\/v2\/types\/page"}],"author":[{"embeddable":true,"href":"https:\/\/sorbizzi.com\/de\/wp-json\/wp\/v2\/users\/1"}],"replies":[{"embeddable":true,"href":"https:\/\/sorbizzi.com\/de\/wp-json\/wp\/v2\/comments?post=1840"}],"version-history":[{"count":1,"href":"https:\/\/sorbizzi.com\/de\/wp-json\/wp\/v2\/pages\/1840\/revisions"}],"predecessor-version":[{"id":1841,"href":"https:\/\/sorbizzi.com\/de\/wp-json\/wp\/v2\/pages\/1840\/revisions\/1841"}],"wp:attachment":[{"href":"https:\/\/sorbizzi.com\/de\/wp-json\/wp\/v2\/media?parent=1840"}],"curies":[{"name":"wp","href":"https:\/\/api.w.org\/{rel}","templated":true}]}}